{"id":1214,"date":"2016-12-10T12:20:26","date_gmt":"2016-12-10T09:20:26","guid":{"rendered":"http:\/\/siyasaliletisim.org\/wpdemo\/?page_id=1214"},"modified":"2018-02-11T23:53:16","modified_gmt":"2018-02-11T20:53:16","slug":"main-page","status":"publish","type":"page","link":"https:\/\/siyasaliletisim.org\/en\/","title":{"rendered":"Main Page"},"content":{"rendered":"<p>[et_pb_section fb_built=&#8221;1&#8243; fullwidth=&#8221;on&#8221; admin_label=&#8221;section&#8221; _builder_version=&#8221;3.0.76&#8243;][et_pb_fullwidth_slider show_arrows=&#8221;off&#8221; admin_label=&#8221;Fullwidth Slider&#8221; _builder_version=&#8221;3.0.101&#8243; header_font=&#8221;|on|||&#8221; header_text_align=&#8221;left&#8221; header_font_size=&#8221;19&#8243; header_text_color=&#8221;#ea7610&#8243; header_line_height=&#8221;1.7em&#8221; body_text_align=&#8221;justify&#8221; body_font_size=&#8221;13&#8243; background_position=&#8221;top_left&#8221; module_alignment=&#8221;left&#8221; custom_padding=&#8221;100px||100px|&#8221; custom_padding_tablet=&#8221;|||&#8221; custom_button=&#8221;on&#8221; button_text_color=&#8221;#ffffff&#8221; button_bg_color=&#8221;#ea7610&#8243; button_border_color=&#8221;rgba(234,173,119,0.79)&#8221; button_icon=&#8221;%%28%%&#8221; button_alignment=&#8221;right&#8221; auto=&#8221;on&#8221; auto_speed=&#8221;3000&#8243; box_shadow_style=&#8221;preset6&#8243; box_shadow_blur=&#8221;10px&#8221; box_shadow_color=&#8221;rgba(0,0,0,0.1)&#8221; show_inner_shadow=&#8221;on&#8221; saved_tabs=&#8221;all&#8221;][et_pb_slide heading=&#8221;Ba\u015fkanl\u0131k Referandumu Paneli %22Raporu%22&#8243; button_text=&#8221;Read More&#8221; button_link=&#8221;http:\/\/siyasaliletisim.org\/en\/wp-content\/uploads\/sites\/3\/2017\/12\/anayasasie-rapor.pdf&#8221; image=&#8221;http:\/\/siyasaliletisim.org\/wp-content\/uploads\/2017\/12\/raporgorsel.jpg&#8221; use_bg_overlay=&#8221;off&#8221; use_text_overlay=&#8221;off&#8221; _builder_version=&#8221;3.0.101&#8243; header_font=&#8221;||||||||&#8221; custom_button=&#8221;off&#8221; background_color=&#8221;#ffffff&#8221;]<span style=\"color: #000000\">Siyasal \u0130leti\u015fim Enstit\u00fcs\u00fc 11 Mart 2017 tarihinde d\u00fczenledi\u011fi \u2018\u2019Ba\u015fkanl\u0131k Referandumu Paneli\u2019\u2019nin raporunu yay\u0131nlad\u0131.<\/span><\/p>\n<p><span style=\"color: #000000\">Raporda gazeteci <strong>Ahu \u00d6ZYURT<\/strong>, referandum d\u00f6neminin genel bir resmini \u00e7izerek medya-siyaset ili\u015fkisini yorumluyor.\u00a0 <strong>Adil G\u00dcR<\/strong> analizinde referanduma y\u00f6nelik se\u00e7men e\u011filimlerini ve T\u00fcrkiye se\u00e7meninin demografik \u00f6zellikleriyle siyasi tercihleri aras\u0131ndaki ili\u015fkileri ele al\u0131yor. <\/span>[\/et_pb_slide][et_pb_slide heading=&#8221;Siyasal \u0130leti\u015fim Enstit\u00fcs\u00fc\u2019n\u00fcn Yeni Raporu Yay\u0131nda: Information Secur\u0131ty And The Image Of Turkey In The Global Media&#8221; button_text=&#8221;Read More&#8221; button_link=&#8221;http:\/\/siyasaliletisim.org\/blog\/2017\/12\/20\/siyasal-iletisim-enstitusunun-yeni-raporu-yayinda-information-security-and-the-image-of-turkey-in-the-global-media\/&#8221; image=&#8221;http:\/\/siyasaliletisim.org\/wp-content\/uploads\/2017\/12\/Untitled-1.jpg&#8221; use_bg_overlay=&#8221;off&#8221; use_text_overlay=&#8221;off&#8221; background_layout=&#8221;light&#8221; arrows_custom_color=&#8221;#ea7610&#8243; dot_nav_custom_color=&#8221;#ea7610&#8243; _builder_version=&#8221;3.0.101&#8243; header_font=&#8221;||||&#8221; background_position=&#8221;top_left&#8221; text_orientation=&#8221;left&#8221; custom_button=&#8221;off&#8221; button_icon=&#8221;%%32%%&#8221; button_alignment=&#8221;left&#8221; background_color=&#8221;#ffffff&#8221;]<span style=\"color: #000000\">Siyasal \u0130leti\u015fim Enstit\u00fcs\u00fc (SIE), alan\u0131nda uzman be\u015f yazar\u0131n katk\u0131da bulundu\u011fu yeni bir rapor yay\u0131nlad\u0131. <strong>Information Security and the Image Of Turkey In the Global Media<\/strong> ba\u015fl\u0131\u011f\u0131yla \u0130ngilizce olarak yay\u0131nlanan raporda, Irak ve Suriye\u2019deki geli\u015fmeler sonucu Bat\u0131 \u00fclkeleriyle diplomatik gerilimin t\u0131rmanmas\u0131, T\u00fcrkiye\u2019nin i\u00e7 siyasetinde ya\u015fanan geli\u015fmeler ve \u00f6zellikle 15 Temmuz 2016 darbe giri\u015fiminin T\u00fcrkiye\u2019nin uluslararas\u0131 imaj\u0131n\u0131 nas\u0131l etkiledi\u011fi tart\u0131\u015f\u0131l\u0131rken \u00f6n\u00fcm\u00fczdeki d\u00f6neme dair \u00f6ng\u00f6r\u00fcler payla\u015f\u0131l\u0131yor.<\/span>[\/et_pb_slide][et_pb_slide heading=&#8221;D\u00fcnya Medyas\u0131nda T\u00fcrkiye \u0130maj\u0131, Yar\u0131n \u0130stanbul\u2019da Tart\u0131\u015f\u0131lacak&#8221; button_text=&#8221;Read More&#8221; button_link=&#8221;http:\/\/siyasaliletisim.org\/wpdemo\/blog\/2016\/11\/02\/dunya-medyasinda-turkiye-imaji-yarin-istanbulda-tartisilacak\/&#8221; image=&#8221;http:\/\/siyasaliletisim.org\/wpdemo\/wp-content\/uploads\/2016\/11\/Untitled-1.jpg&#8221; use_bg_overlay=&#8221;off&#8221; use_text_overlay=&#8221;off&#8221; background_layout=&#8221;light&#8221; arrows_custom_color=&#8221;#ea7610&#8243; dot_nav_custom_color=&#8221;#ea7610&#8243; _builder_version=&#8221;3.0.101&#8243; header_font=&#8221;||||&#8221; body_font=&#8221;||||&#8221; background_position=&#8221;top_left&#8221; custom_button=&#8221;on&#8221; button_font=&#8221;||||&#8221; button_use_icon=&#8221;on&#8221; button_icon=&#8221;%%32%%&#8221; button_icon_placement=&#8221;right&#8221; button_on_hover=&#8221;on&#8221; background_color=&#8221;#ffffff&#8221;]TASAM Siyasal \u0130leti\u015fim Enstit\u00fcs\u00fc taraf\u0131ndan d\u00fczenlenecek olan \u201cEnformasyon G\u00fcvenli\u011fi ve K\u00fcresel Medyada T\u00fcrkiye \u0130maj\u0131\u201d ba\u015fl\u0131kl\u0131 panelde T\u00fcrkiye\u2019nin son zamanlarda uluslararas\u0131 alanda ya\u015fad\u0131\u011f\u0131 imaj sorunlar\u0131 masaya yat\u0131r\u0131lacak.[\/et_pb_slide][et_pb_slide heading=&#8221;Call For Chapters: Deadline Extended To June 9th, 2017 Contemporary Approaches To Political Participation&#8221; button_text=&#8221;Read More&#8221; button_link=&#8221;http:\/\/siyasaliletisim.org\/wpdemo\/blog\/2017\/06\/25\/call-for-chapters-deadline-extended-to-june-9th-2017-contemporary-approaches-to-political-participation\/&#8221; image=&#8221;http:\/\/siyasaliletisim.org\/wpdemo\/wp-content\/uploads\/2017\/06\/0-432-20150331secim.jpg&#8221; use_bg_overlay=&#8221;off&#8221; use_text_overlay=&#8221;off&#8221; background_layout=&#8221;light&#8221; arrows_custom_color=&#8221;#ea7610&#8243; dot_nav_custom_color=&#8221;#ea7610&#8243; _builder_version=&#8221;3.0.101&#8243; header_font=&#8221;||||&#8221; body_font=&#8221;||||&#8221; body_text_align=&#8221;justify&#8221; background_position=&#8221;top_left&#8221; custom_button=&#8221;on&#8221; button_font=&#8221;||||&#8221; button_use_icon=&#8221;on&#8221; button_icon=&#8221;%%32%%&#8221; button_icon_placement=&#8221;right&#8221; button_on_hover=&#8221;on&#8221; background_color=&#8221;#ffffff&#8221;]For a sound and working democratic system, citizen engagement in politics is of utmost importance.[\/et_pb_slide][et_pb_slide heading=&#8221;Call For Chapters: Contemporary Approaches To Political Participation&#8221; button_text=&#8221;Read More&#8221; button_link=&#8221;http:\/\/siyasaliletisim.org\/wpdemo\/blog\/2017\/06\/27\/call-for-chapters-contemporary-approaches-to-political-participation\/&#8221; image=&#8221;http:\/\/siyasaliletisim.org\/wpdemo\/wp-content\/uploads\/2017\/06\/0-432-20150331secim.jpg&#8221; use_bg_overlay=&#8221;off&#8221; use_text_overlay=&#8221;off&#8221; background_layout=&#8221;light&#8221; arrows_custom_color=&#8221;#ea7610&#8243; dot_nav_custom_color=&#8221;#ea7610&#8243; _builder_version=&#8221;3.0.101&#8243; header_font=&#8221;||||&#8221; body_font=&#8221;||||&#8221; background_position=&#8221;top_left&#8221; button_icon=&#8221;%%32%%&#8221; background_color=&#8221;#ffffff&#8221;]For a sound and working democratic system, citizen engagement in politics is of utmost importance.[\/et_pb_slide][\/et_pb_fullwidth_slider][\/et_pb_section][et_pb_section fb_built=&#8221;1&#8243; admin_label=&#8221;section&#8221; _builder_version=&#8221;3.0.47&#8243; transparent_background=&#8221;off&#8221; global_module=&#8221;1716&#8243;][et_pb_row admin_label=&#8221;row&#8221; _builder_version=&#8221;3.0.47&#8243; background_size=&#8221;initial&#8221; background_position=&#8221;top_left&#8221; background_repeat=&#8221;repeat&#8221;][et_pb_column type=&#8221;1_4&#8243; _builder_version=&#8221;3.0.47&#8243; parallax=&#8221;off&#8221; parallax_method=&#8221;on&#8221;][et_pb_cta title=&#8221;\u0130stanbul&#8221; background_color=&#8221;#ea7610&#8243; _builder_version=&#8221;3.0.47&#8243; header_font_size=&#8221;15&#8243; background_size=&#8221;initial&#8221; background_position=&#8221;top_left&#8221; background_repeat=&#8221;repeat&#8221; custom_padding=&#8221;25px||0px|&#8221; use_border_color=&#8221;off&#8221; border_color=&#8221;#ffffff&#8221; border_style=&#8221;solid&#8221;][\/et_pb_cta][et_pb_blurb use_icon=&#8221;on&#8221; font_icon=&#8221;%%249%%&#8221; icon_color=&#8221;#ea7610&#8243; icon_placement=&#8221;left&#8221; _builder_version=&#8221;3.0.47&#8243; background_size=&#8221;initial&#8221; background_position=&#8221;top_left&#8221; background_repeat=&#8221;repeat&#8221; use_border_color=&#8221;off&#8221; border_color=&#8221;#ffffff&#8221; border_style=&#8221;solid&#8221;]<\/p>\n<p>Eski Ali Pa\u015fa Cd, No.20, Fatih<\/p>\n<p>[\/et_pb_blurb][et_pb_blurb use_icon=&#8221;on&#8221; font_icon=&#8221;%%264%%&#8221; icon_color=&#8221;#ea7610&#8243; icon_placement=&#8221;left&#8221; _builder_version=&#8221;3.0.47&#8243; background_size=&#8221;initial&#8221; background_position=&#8221;top_left&#8221; background_repeat=&#8221;repeat&#8221; use_border_color=&#8221;off&#8221; border_color=&#8221;#ffffff&#8221; border_style=&#8221;solid&#8221;]<\/p>\n<p>+90 (212) 635 6151<\/p>\n<p>[\/et_pb_blurb][et_pb_blurb use_icon=&#8221;on&#8221; font_icon=&#8221;%%268%%&#8221; icon_color=&#8221;#ea7610&#8243; icon_placement=&#8221;left&#8221; _builder_version=&#8221;3.0.47&#8243; background_size=&#8221;initial&#8221; background_position=&#8221;top_left&#8221; background_repeat=&#8221;repeat&#8221; use_border_color=&#8221;off&#8221; border_color=&#8221;#ffffff&#8221; border_style=&#8221;solid&#8221;]<\/p>\n<p>+90 (212) 532 5882<\/p>\n<p>[\/et_pb_blurb][et_pb_blurb title=&#8221;Facebook&#8221; url=&#8221;https:\/\/www.facebook.com\/siyasaliletisimenstitusu&#8221; url_new_window=&#8221;on&#8221; use_icon=&#8221;on&#8221; font_icon=&#8221;%%337%%&#8221; icon_color=&#8221;#ea7610&#8243; icon_placement=&#8221;left&#8221; _builder_version=&#8221;3.0.47&#8243; background_size=&#8221;initial&#8221; background_position=&#8221;top_left&#8221; background_repeat=&#8221;repeat&#8221; use_border_color=&#8221;off&#8221; border_color=&#8221;#ffffff&#8221; border_style=&#8221;solid&#8221;][\/et_pb_blurb][\/et_pb_column][et_pb_column type=&#8221;1_4&#8243; _builder_version=&#8221;3.0.47&#8243; parallax=&#8221;off&#8221; parallax_method=&#8221;on&#8221;][et_pb_cta title=&#8221;Ankara&#8221; background_color=&#8221;#ea7610&#8243; _builder_version=&#8221;3.0.47&#8243; header_font_size=&#8221;15&#8243; background_size=&#8221;initial&#8221; background_position=&#8221;top_left&#8221; background_repeat=&#8221;repeat&#8221; custom_padding=&#8221;25px||0px|&#8221; use_border_color=&#8221;off&#8221; border_color=&#8221;#ffffff&#8221; border_style=&#8221;solid&#8221;][\/et_pb_cta][et_pb_blurb use_icon=&#8221;on&#8221; font_icon=&#8221;%%249%%&#8221; icon_color=&#8221;#ea7610&#8243; icon_placement=&#8221;left&#8221; _builder_version=&#8221;3.0.47&#8243; background_size=&#8221;initial&#8221; background_position=&#8221;top_left&#8221; background_repeat=&#8221;repeat&#8221; use_border_color=&#8221;off&#8221; border_color=&#8221;#ffffff&#8221; border_style=&#8221;solid&#8221;]<\/p>\n<p>U\u011fur Mumcu Sokak, No.49, Gaziosmanpa\u015fa<\/p>\n<p>[\/et_pb_blurb][et_pb_blurb use_icon=&#8221;on&#8221; font_icon=&#8221;%%264%%&#8221; icon_color=&#8221;#ea7610&#8243; icon_placement=&#8221;left&#8221; _builder_version=&#8221;3.0.47&#8243; background_size=&#8221;initial&#8221; background_position=&#8221;top_left&#8221; background_repeat=&#8221;repeat&#8221; use_border_color=&#8221;off&#8221; border_color=&#8221;#ffffff&#8221; border_style=&#8221;solid&#8221;]<\/p>\n<p>+90 (312) 447 3127<\/p>\n<p>[\/et_pb_blurb][et_pb_blurb use_icon=&#8221;on&#8221; font_icon=&#8221;%%268%%&#8221; icon_color=&#8221;#ea7610&#8243; icon_placement=&#8221;left&#8221; _builder_version=&#8221;3.0.47&#8243; background_size=&#8221;initial&#8221; background_position=&#8221;top_left&#8221; background_repeat=&#8221;repeat&#8221; use_border_color=&#8221;off&#8221; border_color=&#8221;#ffffff&#8221; border_style=&#8221;solid&#8221;]<\/p>\n<p>+90 (312) 447 3106<\/p>\n<p>[\/et_pb_blurb][et_pb_blurb use_icon=&#8221;on&#8221; font_icon=&#8221;%%238%%&#8221; icon_color=&#8221;#ea7610&#8243; icon_placement=&#8221;left&#8221; _builder_version=&#8221;3.0.47&#8243; background_size=&#8221;initial&#8221; background_position=&#8221;top_left&#8221; background_repeat=&#8221;repeat&#8221; use_border_color=&#8221;off&#8221; border_color=&#8221;#ffffff&#8221; border_style=&#8221;solid&#8221;]<\/p>\n<p><a href=\"mailto:info@siyasaliletisim.org\" target=\"_blank\" rel=\"noopener noreferrer\">info@siyasaliletisim.org<\/a><\/p>\n<p>[\/et_pb_blurb][\/et_pb_column][et_pb_column type=&#8221;1_2&#8243; _builder_version=&#8221;3.0.47&#8243; parallax=&#8221;off&#8221; parallax_method=&#8221;on&#8221;][et_pb_contact_form captcha=&#8221;off&#8221; admin_label=&#8221;\u0130leti\u015fim Formu&#8221; module_id=&#8221;et_pb_contact_form_0&#8243; _builder_version=&#8221;3.0.101&#8243; border_radii=&#8221;on|0px|0px|0px|0px&#8221; border_width_all=&#8221;1px&#8221; border_color_all=&#8221;#e09900&#8243; border_style_all=&#8221;solid&#8221; use_border_color=&#8221;on&#8221; border_color=&#8221;#e09900&#8243; border_style=&#8221;solid&#8221; input_border_radius=&#8221;0&#8243;][et_pb_contact_field field_id=&#8221;Name&#8221; field_title=&#8221;Name&#8221; fullwidth_field=&#8221;on&#8221; _builder_version=&#8221;3.0.101&#8243; form_field_font=&#8221;||||&#8221; border_radii=&#8221;on||||&#8221; use_border_color=&#8221;off&#8221; border_style=&#8221;solid&#8221;][\/et_pb_contact_field][et_pb_contact_field field_id=&#8221;Email&#8221; field_title=&#8221;Email&#8221; field_type=&#8221;email&#8221; fullwidth_field=&#8221;on&#8221; _builder_version=&#8221;3.0.101&#8243; form_field_font=&#8221;||||&#8221; border_radii=&#8221;on||||&#8221; use_border_color=&#8221;off&#8221; border_style=&#8221;solid&#8221;][\/et_pb_contact_field][et_pb_contact_field field_id=&#8221;Message&#8221; field_title=&#8221;Your Feedback or Question&#8221; field_type=&#8221;text&#8221; fullwidth_field=&#8221;on&#8221; _builder_version=&#8221;3.0.101&#8243; form_field_font=&#8221;||||&#8221; border_radii=&#8221;on||||&#8221; use_border_color=&#8221;off&#8221; border_style=&#8221;solid&#8221;][\/et_pb_contact_field][\/et_pb_contact_form][\/et_pb_column][\/et_pb_row][\/et_pb_section]<\/p>\n","protected":false},"excerpt":{"rendered":"<p>[et_pb_section fb_built=&#8221;1&#8243; fullwidth=&#8221;on&#8221; admin_label=&#8221;section&#8221; _builder_version=&#8221;3.0.76&#8243;][et_pb_fullwidth_slider show_arrows=&#8221;off&#8221; admin_label=&#8221;Fullwidth Slider&#8221; _builder_version=&#8221;3.0.101&#8243; header_font=&#8221;|on|||&#8221; header_text_align=&#8221;left&#8221; header_font_size=&#8221;19&#8243; header_text_color=&#8221;#ea7610&#8243; header_line_height=&#8221;1.7em&#8221; body_text_align=&#8221;justify&#8221; body_font_size=&#8221;13&#8243; background_position=&#8221;top_left&#8221; module_alignment=&#8221;left&#8221; custom_padding=&#8221;100px||100px|&#8221; custom_padding_tablet=&#8221;|||&#8221; custom_button=&#8221;on&#8221; button_text_color=&#8221;#ffffff&#8221; button_bg_color=&#8221;#ea7610&#8243; button_border_color=&#8221;rgba(234,173,119,0.79)&#8221; button_icon=&#8221;%%28%%&#8221; button_alignment=&#8221;right&#8221; auto=&#8221;on&#8221; auto_speed=&#8221;3000&#8243; box_shadow_style=&#8221;preset6&#8243; box_shadow_blur=&#8221;10px&#8221; box_shadow_color=&#8221;rgba(0,0,0,0.1)&#8221; show_inner_shadow=&#8221;on&#8221; saved_tabs=&#8221;all&#8221;][et_pb_slide heading=&#8221;Ba\u015fkanl\u0131k Referandumu Paneli %22Raporu%22&#8243; button_text=&#8221;Read More&#8221; button_link=&#8221;http:\/\/siyasaliletisim.org\/en\/wp-content\/uploads\/sites\/3\/2017\/12\/anayasasie-rapor.pdf&#8221; image=&#8221;http:\/\/siyasaliletisim.org\/wp-content\/uploads\/2017\/12\/raporgorsel.jpg&#8221; use_bg_overlay=&#8221;off&#8221; use_text_overlay=&#8221;off&#8221; _builder_version=&#8221;3.0.101&#8243; header_font=&#8221;||||||||&#8221; custom_button=&#8221;off&#8221; background_color=&#8221;#ffffff&#8221;]Siyasal \u0130leti\u015fim Enstit\u00fcs\u00fc 11 Mart 2017 tarihinde d\u00fczenledi\u011fi \u2018\u2019Ba\u015fkanl\u0131k [&hellip;]<\/p>\n","protected":false},"author":1,"featured_media":0,"parent":0,"menu_order":0,"comment_status":"closed","ping_status":"closed","template":"","meta":{"_et_pb_use_builder":"on","_et_pb_old_content":"","_et_gb_content_width":""},"_links":{"self":[{"href":"https:\/\/siyasaliletisim.org\/en\/wp-json\/wp\/v2\/pages\/1214"}],"collection":[{"href":"https:\/\/siyasaliletisim.org\/en\/wp-json\/wp\/v2\/pages"}],"about":[{"href":"https:\/\/siyasaliletisim.org\/en\/wp-json\/wp\/v2\/types\/page"}],"author":[{"embeddable":true,"href":"https:\/\/siyasaliletisim.org\/en\/wp-json\/wp\/v2\/users\/1"}],"replies":[{"embeddable":true,"href":"https:\/\/siyasaliletisim.org\/en\/wp-json\/wp\/v2\/comments?post=1214"}],"version-history":[{"count":3,"href":"https:\/\/siyasaliletisim.org\/en\/wp-json\/wp\/v2\/pages\/1214\/revisions"}],"predecessor-version":[{"id":2378,"href":"https:\/\/siyasaliletisim.org\/en\/wp-json\/wp\/v2\/pages\/1214\/revisions\/2378"}],"wp:attachment":[{"href":"https:\/\/siyasaliletisim.org\/en\/wp-json\/wp\/v2\/media?parent=1214"}],"curies":[{"name":"wp","href":"https:\/\/api.w.org\/{rel}","templated":true}]}}